{"id":131339,"date":"2023-04-19T22:07:16","date_gmt":"2023-04-20T02:07:16","guid":{"rendered":"https:\/\/www.investottawa.ca\/programs-and-services\/"},"modified":"2025-04-28T13:46:00","modified_gmt":"2025-04-28T17:46:00","slug":"programs-and-services","status":"publish","type":"page","link":"https:\/\/www.investottawa.ca\/fr\/programs-and-services\/","title":{"rendered":"Programs and Services [FR]"},"content":{"rendered":"","protected":false},"excerpt":{"rendered":"","protected":false},"author":31,"featured_media":0,"parent":0,"menu_order":69,"comment_status":"closed","ping_status":"closed","template":"","meta":{"_acf_changed":false,"footnotes":""},"class_list":["post-131339","page","type-page","status-publish","hentry"],"acf":[],"yoast_head":"<!-- This site is optimized with the Yoast SEO plugin v27.4 - https:\/\/yoast.com\/product\/yoast-seo-wordpress\/ -->\n<title>Programmes et services | Invest Ottawa<\/title>\n<meta name=\"description\" content=\"Peu importe o\u00f9 vous en \u00eates dans le cycle de vie de votre entreprise, nous offrons un large \u00e9ventail de programmes et de services pour vous aider \u00e0 lancer, d\u00e9velopper et faire \u00e9voluer votre entreprise.\" \/>\n<meta name=\"robots\" content=\"index, follow, max-snippet:-1, max-image-preview:large, max-video-preview:-1\" \/>\n<link rel=\"canonical\" href=\"https:\/\/www.investottawa.ca\/fr\/programs-and-services\/\" \/>\n<meta property=\"og:locale\" content=\"fr_FR\" \/>\n<meta property=\"og:type\" content=\"article\" \/>\n<meta property=\"og:title\" content=\"Programmes et services | Invest Ottawa\" \/>\n<meta property=\"og:description\" content=\"Peu importe o\u00f9 vous en \u00eates dans le cycle de vie de votre entreprise, nous offrons un large \u00e9ventail de programmes et de services pour vous aider \u00e0 lancer, d\u00e9velopper et faire \u00e9voluer votre entreprise.\" \/>\n<meta property=\"og:url\" content=\"https:\/\/www.investottawa.ca\/fr\/programs-and-services\/\" \/>\n<meta property=\"og:site_name\" content=\"Investir Ottawa\" \/>\n<meta property=\"article:publisher\" content=\"https:\/\/www.facebook.com\/InvestOttawa\" \/>\n<meta property=\"article:modified_time\" content=\"2025-04-28T17:46:00+00:00\" \/>\n<meta property=\"og:image\" content=\"https:\/\/www.investottawa.ca\/wp-content\/uploads\/2017\/02\/Invest-Ottawa-Social.jpg\" \/>\n\t<meta property=\"og:image:width\" content=\"1200\" \/>\n\t<meta property=\"og:image:height\" content=\"630\" \/>\n\t<meta property=\"og:image:type\" content=\"image\/jpeg\" \/>\n<meta name=\"twitter:card\" content=\"summary_large_image\" \/>\n<meta name=\"twitter:site\" content=\"@invest_ottawa\" \/>\n<script type=\"application\/ld+json\" class=\"yoast-schema-graph\">{\"@context\":\"https:\\\/\\\/schema.org\",\"@graph\":[{\"@type\":\"WebPage\",\"@id\":\"https:\\\/\\\/www.investottawa.ca\\\/fr\\\/programs-and-services\\\/\",\"url\":\"https:\\\/\\\/www.investottawa.ca\\\/fr\\\/programs-and-services\\\/\",\"name\":\"Programmes et services | Invest Ottawa\",\"isPartOf\":{\"@id\":\"https:\\\/\\\/www.investottawa.ca\\\/#website\"},\"datePublished\":\"2023-04-20T02:07:16+00:00\",\"dateModified\":\"2025-04-28T17:46:00+00:00\",\"description\":\"Peu importe o\u00f9 vous en \u00eates dans le cycle de vie de votre entreprise, nous offrons un large \u00e9ventail de programmes et de services pour vous aider \u00e0 lancer, d\u00e9velopper et faire \u00e9voluer votre entreprise.\",\"breadcrumb\":{\"@id\":\"https:\\\/\\\/www.investottawa.ca\\\/fr\\\/programs-and-services\\\/#breadcrumb\"},\"inLanguage\":\"fr-FR\",\"potentialAction\":[{\"@type\":\"ReadAction\",\"target\":[\"https:\\\/\\\/www.investottawa.ca\\\/fr\\\/programs-and-services\\\/\"]}]},{\"@type\":\"BreadcrumbList\",\"@id\":\"https:\\\/\\\/www.investottawa.ca\\\/fr\\\/programs-and-services\\\/#breadcrumb\",\"itemListElement\":[{\"@type\":\"ListItem\",\"position\":1,\"name\":\"Home\",\"item\":\"https:\\\/\\\/www.investottawa.ca\\\/fr\\\/\"},{\"@type\":\"ListItem\",\"position\":2,\"name\":\"Programs and Services [FR]\"}]},{\"@type\":\"WebSite\",\"@id\":\"https:\\\/\\\/www.investottawa.ca\\\/#website\",\"url\":\"https:\\\/\\\/www.investottawa.ca\\\/\",\"name\":\"Investir Ottawa\",\"description\":\"\",\"publisher\":{\"@id\":\"https:\\\/\\\/www.investottawa.ca\\\/#organization\"},\"potentialAction\":[{\"@type\":\"SearchAction\",\"target\":{\"@type\":\"EntryPoint\",\"urlTemplate\":\"https:\\\/\\\/www.investottawa.ca\\\/?s={search_term_string}\"},\"query-input\":{\"@type\":\"PropertyValueSpecification\",\"valueRequired\":true,\"valueName\":\"search_term_string\"}}],\"inLanguage\":\"fr-FR\"},{\"@type\":\"Organization\",\"@id\":\"https:\\\/\\\/www.investottawa.ca\\\/#organization\",\"name\":\"Invest Ottawa\",\"url\":\"https:\\\/\\\/www.investottawa.ca\\\/\",\"logo\":{\"@type\":\"ImageObject\",\"inLanguage\":\"fr-FR\",\"@id\":\"https:\\\/\\\/www.investottawa.ca\\\/#\\\/schema\\\/logo\\\/image\\\/\",\"url\":\"https:\\\/\\\/www.investottawa.ca\\\/wp-content\\\/uploads\\\/2019\\\/06\\\/Logo_InvestOttawa.png\",\"contentUrl\":\"https:\\\/\\\/www.investottawa.ca\\\/wp-content\\\/uploads\\\/2019\\\/06\\\/Logo_InvestOttawa.png\",\"width\":400,\"height\":172,\"caption\":\"Invest Ottawa\"},\"image\":{\"@id\":\"https:\\\/\\\/www.investottawa.ca\\\/#\\\/schema\\\/logo\\\/image\\\/\"},\"sameAs\":[\"https:\\\/\\\/www.facebook.com\\\/InvestOttawa\",\"https:\\\/\\\/x.com\\\/invest_ottawa\",\"http:\\\/\\\/instagram.com\\\/investottawa\",\"http:\\\/\\\/www.linkedin.com\\\/company\\\/invest-ottawa\",\"http:\\\/\\\/pinterest.com\\\/investottawa\",\"http:\\\/\\\/www.youtube.com\\\/investottawa\"]}]}<\/script>\n<!-- \/ Yoast SEO plugin. -->","yoast_head_json":{"title":"Programmes et services | Invest Ottawa","description":"Peu importe o\u00f9 vous en \u00eates dans le cycle de vie de votre entreprise, nous offrons un large \u00e9ventail de programmes et de services pour vous aider \u00e0 lancer, d\u00e9velopper et faire \u00e9voluer votre entreprise.","robots":{"index":"index","follow":"follow","max-snippet":"max-snippet:-1","max-image-preview":"max-image-preview:large","max-video-preview":"max-video-preview:-1"},"canonical":"https:\/\/www.investottawa.ca\/fr\/programs-and-services\/","og_locale":"fr_FR","og_type":"article","og_title":"Programmes et services | Invest Ottawa","og_description":"Peu importe o\u00f9 vous en \u00eates dans le cycle de vie de votre entreprise, nous offrons un large \u00e9ventail de programmes et de services pour vous aider \u00e0 lancer, d\u00e9velopper et faire \u00e9voluer votre entreprise.","og_url":"https:\/\/www.investottawa.ca\/fr\/programs-and-services\/","og_site_name":"Investir Ottawa","article_publisher":"https:\/\/www.facebook.com\/InvestOttawa","article_modified_time":"2025-04-28T17:46:00+00:00","og_image":[{"width":1200,"height":630,"url":"https:\/\/www.investottawa.ca\/wp-content\/uploads\/2017\/02\/Invest-Ottawa-Social.jpg","type":"image\/jpeg"}],"twitter_card":"summary_large_image","twitter_site":"@invest_ottawa","schema":{"@context":"https:\/\/schema.org","@graph":[{"@type":"WebPage","@id":"https:\/\/www.investottawa.ca\/fr\/programs-and-services\/","url":"https:\/\/www.investottawa.ca\/fr\/programs-and-services\/","name":"Programmes et services | Invest Ottawa","isPartOf":{"@id":"https:\/\/www.investottawa.ca\/#website"},"datePublished":"2023-04-20T02:07:16+00:00","dateModified":"2025-04-28T17:46:00+00:00","description":"Peu importe o\u00f9 vous en \u00eates dans le cycle de vie de votre entreprise, nous offrons un large \u00e9ventail de programmes et de services pour vous aider \u00e0 lancer, d\u00e9velopper et faire \u00e9voluer votre entreprise.","breadcrumb":{"@id":"https:\/\/www.investottawa.ca\/fr\/programs-and-services\/#breadcrumb"},"inLanguage":"fr-FR","potentialAction":[{"@type":"ReadAction","target":["https:\/\/www.investottawa.ca\/fr\/programs-and-services\/"]}]},{"@type":"BreadcrumbList","@id":"https:\/\/www.investottawa.ca\/fr\/programs-and-services\/#breadcrumb","itemListElement":[{"@type":"ListItem","position":1,"name":"Home","item":"https:\/\/www.investottawa.ca\/fr\/"},{"@type":"ListItem","position":2,"name":"Programs and Services [FR]"}]},{"@type":"WebSite","@id":"https:\/\/www.investottawa.ca\/#website","url":"https:\/\/www.investottawa.ca\/","name":"Investir Ottawa","description":"","publisher":{"@id":"https:\/\/www.investottawa.ca\/#organization"},"potentialAction":[{"@type":"SearchAction","target":{"@type":"EntryPoint","urlTemplate":"https:\/\/www.investottawa.ca\/?s={search_term_string}"},"query-input":{"@type":"PropertyValueSpecification","valueRequired":true,"valueName":"search_term_string"}}],"inLanguage":"fr-FR"},{"@type":"Organization","@id":"https:\/\/www.investottawa.ca\/#organization","name":"Invest Ottawa","url":"https:\/\/www.investottawa.ca\/","logo":{"@type":"ImageObject","inLanguage":"fr-FR","@id":"https:\/\/www.investottawa.ca\/#\/schema\/logo\/image\/","url":"https:\/\/www.investottawa.ca\/wp-content\/uploads\/2019\/06\/Logo_InvestOttawa.png","contentUrl":"https:\/\/www.investottawa.ca\/wp-content\/uploads\/2019\/06\/Logo_InvestOttawa.png","width":400,"height":172,"caption":"Invest Ottawa"},"image":{"@id":"https:\/\/www.investottawa.ca\/#\/schema\/logo\/image\/"},"sameAs":["https:\/\/www.facebook.com\/InvestOttawa","https:\/\/x.com\/invest_ottawa","http:\/\/instagram.com\/investottawa","http:\/\/www.linkedin.com\/company\/invest-ottawa","http:\/\/pinterest.com\/investottawa","http:\/\/www.youtube.com\/investottawa"]}]}},"featured_image_src":null,"featured_image_src_square":null,"_links":{"self":[{"href":"https:\/\/www.investottawa.ca\/fr\/wp-json\/wp\/v2\/pages\/131339","targetHints":{"allow":["GET"]}}],"collection":[{"href":"https:\/\/www.investottawa.ca\/fr\/wp-json\/wp\/v2\/pages"}],"about":[{"href":"https:\/\/www.investottawa.ca\/fr\/wp-json\/wp\/v2\/types\/page"}],"author":[{"embeddable":true,"href":"https:\/\/www.investottawa.ca\/fr\/wp-json\/wp\/v2\/users\/31"}],"replies":[{"embeddable":true,"href":"https:\/\/www.investottawa.ca\/fr\/wp-json\/wp\/v2\/comments?post=131339"}],"version-history":[{"count":0,"href":"https:\/\/www.investottawa.ca\/fr\/wp-json\/wp\/v2\/pages\/131339\/revisions"}],"wp:attachment":[{"href":"https:\/\/www.investottawa.ca\/fr\/wp-json\/wp\/v2\/media?parent=131339"}],"curies":[{"name":"wp","href":"https:\/\/api.w.org\/{rel}","templated":true}]}}