{"id":131347,"date":"2023-05-04T13:45:08","date_gmt":"2023-05-04T17:45:08","guid":{"rendered":"https:\/\/www.investottawa.ca\/for-tech-companies\/"},"modified":"2025-05-02T13:00:43","modified_gmt":"2025-05-02T17:00:43","slug":"for-tech-companies","status":"publish","type":"page","link":"https:\/\/www.investottawa.ca\/fr\/for-tech-companies\/","title":{"rendered":"For technology companies [FR]"},"content":{"rendered":"","protected":false},"excerpt":{"rendered":"","protected":false},"author":31,"featured_media":0,"parent":0,"menu_order":62,"comment_status":"closed","ping_status":"closed","template":"","meta":{"_acf_changed":false,"footnotes":""},"class_list":["post-131347","page","type-page","status-publish","hentry"],"acf":[],"yoast_head":"<!-- This site is optimized with the Yoast SEO plugin v27.2 - https:\/\/yoast.com\/product\/yoast-seo-wordpress\/ -->\n<title>Programmes pour les entreprises technologiques | Invest Ottawa<\/title>\n<meta name=\"description\" content=\"Invest Ottawa propose une s\u00e9rie de programmes ax\u00e9s sur le mentorat qui soutiennent la croissance de l\u2019un des p\u00f4les technologiques les plus diversifi\u00e9s en Am\u00e9rique du Nord.\" \/>\n<meta name=\"robots\" content=\"index, follow, max-snippet:-1, max-image-preview:large, max-video-preview:-1\" \/>\n<link rel=\"canonical\" href=\"https:\/\/www.investottawa.ca\/fr\/for-tech-companies\/\" \/>\n<meta property=\"og:locale\" content=\"fr_FR\" \/>\n<meta property=\"og:type\" content=\"article\" \/>\n<meta property=\"og:title\" content=\"Programmes pour les entreprises technologiques | Invest Ottawa\" \/>\n<meta property=\"og:description\" content=\"Invest Ottawa propose une s\u00e9rie de programmes ax\u00e9s sur le mentorat qui soutiennent la croissance de l\u2019un des p\u00f4les technologiques les plus diversifi\u00e9s en Am\u00e9rique du Nord.\" \/>\n<meta property=\"og:url\" content=\"https:\/\/www.investottawa.ca\/fr\/for-tech-companies\/\" \/>\n<meta property=\"og:site_name\" content=\"Investir Ottawa\" \/>\n<meta property=\"article:publisher\" content=\"https:\/\/www.facebook.com\/InvestOttawa\" \/>\n<meta property=\"article:modified_time\" content=\"2025-05-02T17:00:43+00:00\" \/>\n<meta property=\"og:image\" content=\"https:\/\/www.investottawa.ca\/wp-content\/uploads\/2017\/02\/Invest-Ottawa-Social.jpg\" \/>\n\t<meta property=\"og:image:width\" content=\"1200\" \/>\n\t<meta property=\"og:image:height\" content=\"630\" \/>\n\t<meta property=\"og:image:type\" content=\"image\/jpeg\" \/>\n<meta name=\"twitter:card\" content=\"summary_large_image\" \/>\n<meta name=\"twitter:site\" content=\"@invest_ottawa\" \/>\n<script type=\"application\/ld+json\" class=\"yoast-schema-graph\">{\"@context\":\"https:\/\/schema.org\",\"@graph\":[{\"@type\":\"WebPage\",\"@id\":\"https:\/\/www.investottawa.ca\/fr\/for-tech-companies\/\",\"url\":\"https:\/\/www.investottawa.ca\/fr\/for-tech-companies\/\",\"name\":\"Programmes pour les entreprises technologiques | Invest Ottawa\",\"isPartOf\":{\"@id\":\"https:\/\/www.investottawa.ca\/#website\"},\"datePublished\":\"2023-05-04T17:45:08+00:00\",\"dateModified\":\"2025-05-02T17:00:43+00:00\",\"description\":\"Invest Ottawa propose une s\u00e9rie de programmes ax\u00e9s sur le mentorat qui soutiennent la croissance de l\u2019un des p\u00f4les technologiques les plus diversifi\u00e9s en Am\u00e9rique du Nord.\",\"breadcrumb\":{\"@id\":\"https:\/\/www.investottawa.ca\/fr\/for-tech-companies\/#breadcrumb\"},\"inLanguage\":\"fr-FR\",\"potentialAction\":[{\"@type\":\"ReadAction\",\"target\":[\"https:\/\/www.investottawa.ca\/fr\/for-tech-companies\/\"]}]},{\"@type\":\"BreadcrumbList\",\"@id\":\"https:\/\/www.investottawa.ca\/fr\/for-tech-companies\/#breadcrumb\",\"itemListElement\":[{\"@type\":\"ListItem\",\"position\":1,\"name\":\"Home\",\"item\":\"https:\/\/www.investottawa.ca\/fr\/\"},{\"@type\":\"ListItem\",\"position\":2,\"name\":\"For technology companies [FR]\"}]},{\"@type\":\"WebSite\",\"@id\":\"https:\/\/www.investottawa.ca\/#website\",\"url\":\"https:\/\/www.investottawa.ca\/\",\"name\":\"Investir Ottawa\",\"description\":\"\",\"publisher\":{\"@id\":\"https:\/\/www.investottawa.ca\/#organization\"},\"potentialAction\":[{\"@type\":\"SearchAction\",\"target\":{\"@type\":\"EntryPoint\",\"urlTemplate\":\"https:\/\/www.investottawa.ca\/?s={search_term_string}\"},\"query-input\":{\"@type\":\"PropertyValueSpecification\",\"valueRequired\":true,\"valueName\":\"search_term_string\"}}],\"inLanguage\":\"fr-FR\"},{\"@type\":\"Organization\",\"@id\":\"https:\/\/www.investottawa.ca\/#organization\",\"name\":\"Invest Ottawa\",\"url\":\"https:\/\/www.investottawa.ca\/\",\"logo\":{\"@type\":\"ImageObject\",\"inLanguage\":\"fr-FR\",\"@id\":\"https:\/\/www.investottawa.ca\/#\/schema\/logo\/image\/\",\"url\":\"https:\/\/www.investottawa.ca\/wp-content\/uploads\/2019\/06\/Logo_InvestOttawa.png\",\"contentUrl\":\"https:\/\/www.investottawa.ca\/wp-content\/uploads\/2019\/06\/Logo_InvestOttawa.png\",\"width\":400,\"height\":172,\"caption\":\"Invest Ottawa\"},\"image\":{\"@id\":\"https:\/\/www.investottawa.ca\/#\/schema\/logo\/image\/\"},\"sameAs\":[\"https:\/\/www.facebook.com\/InvestOttawa\",\"https:\/\/x.com\/invest_ottawa\",\"http:\/\/instagram.com\/investottawa\",\"http:\/\/www.linkedin.com\/company\/invest-ottawa\",\"http:\/\/pinterest.com\/investottawa\",\"http:\/\/www.youtube.com\/investottawa\"]}]}<\/script>\n<!-- \/ Yoast SEO plugin. -->","yoast_head_json":{"title":"Programmes pour les entreprises technologiques | Invest Ottawa","description":"Invest Ottawa propose une s\u00e9rie de programmes ax\u00e9s sur le mentorat qui soutiennent la croissance de l\u2019un des p\u00f4les technologiques les plus diversifi\u00e9s en Am\u00e9rique du Nord.","robots":{"index":"index","follow":"follow","max-snippet":"max-snippet:-1","max-image-preview":"max-image-preview:large","max-video-preview":"max-video-preview:-1"},"canonical":"https:\/\/www.investottawa.ca\/fr\/for-tech-companies\/","og_locale":"fr_FR","og_type":"article","og_title":"Programmes pour les entreprises technologiques | Invest Ottawa","og_description":"Invest Ottawa propose une s\u00e9rie de programmes ax\u00e9s sur le mentorat qui soutiennent la croissance de l\u2019un des p\u00f4les technologiques les plus diversifi\u00e9s en Am\u00e9rique du Nord.","og_url":"https:\/\/www.investottawa.ca\/fr\/for-tech-companies\/","og_site_name":"Investir Ottawa","article_publisher":"https:\/\/www.facebook.com\/InvestOttawa","article_modified_time":"2025-05-02T17:00:43+00:00","og_image":[{"width":1200,"height":630,"url":"https:\/\/www.investottawa.ca\/wp-content\/uploads\/2017\/02\/Invest-Ottawa-Social.jpg","type":"image\/jpeg"}],"twitter_card":"summary_large_image","twitter_site":"@invest_ottawa","schema":{"@context":"https:\/\/schema.org","@graph":[{"@type":"WebPage","@id":"https:\/\/www.investottawa.ca\/fr\/for-tech-companies\/","url":"https:\/\/www.investottawa.ca\/fr\/for-tech-companies\/","name":"Programmes pour les entreprises technologiques | Invest Ottawa","isPartOf":{"@id":"https:\/\/www.investottawa.ca\/#website"},"datePublished":"2023-05-04T17:45:08+00:00","dateModified":"2025-05-02T17:00:43+00:00","description":"Invest Ottawa propose une s\u00e9rie de programmes ax\u00e9s sur le mentorat qui soutiennent la croissance de l\u2019un des p\u00f4les technologiques les plus diversifi\u00e9s en Am\u00e9rique du Nord.","breadcrumb":{"@id":"https:\/\/www.investottawa.ca\/fr\/for-tech-companies\/#breadcrumb"},"inLanguage":"fr-FR","potentialAction":[{"@type":"ReadAction","target":["https:\/\/www.investottawa.ca\/fr\/for-tech-companies\/"]}]},{"@type":"BreadcrumbList","@id":"https:\/\/www.investottawa.ca\/fr\/for-tech-companies\/#breadcrumb","itemListElement":[{"@type":"ListItem","position":1,"name":"Home","item":"https:\/\/www.investottawa.ca\/fr\/"},{"@type":"ListItem","position":2,"name":"For technology companies [FR]"}]},{"@type":"WebSite","@id":"https:\/\/www.investottawa.ca\/#website","url":"https:\/\/www.investottawa.ca\/","name":"Investir Ottawa","description":"","publisher":{"@id":"https:\/\/www.investottawa.ca\/#organization"},"potentialAction":[{"@type":"SearchAction","target":{"@type":"EntryPoint","urlTemplate":"https:\/\/www.investottawa.ca\/?s={search_term_string}"},"query-input":{"@type":"PropertyValueSpecification","valueRequired":true,"valueName":"search_term_string"}}],"inLanguage":"fr-FR"},{"@type":"Organization","@id":"https:\/\/www.investottawa.ca\/#organization","name":"Invest Ottawa","url":"https:\/\/www.investottawa.ca\/","logo":{"@type":"ImageObject","inLanguage":"fr-FR","@id":"https:\/\/www.investottawa.ca\/#\/schema\/logo\/image\/","url":"https:\/\/www.investottawa.ca\/wp-content\/uploads\/2019\/06\/Logo_InvestOttawa.png","contentUrl":"https:\/\/www.investottawa.ca\/wp-content\/uploads\/2019\/06\/Logo_InvestOttawa.png","width":400,"height":172,"caption":"Invest Ottawa"},"image":{"@id":"https:\/\/www.investottawa.ca\/#\/schema\/logo\/image\/"},"sameAs":["https:\/\/www.facebook.com\/InvestOttawa","https:\/\/x.com\/invest_ottawa","http:\/\/instagram.com\/investottawa","http:\/\/www.linkedin.com\/company\/invest-ottawa","http:\/\/pinterest.com\/investottawa","http:\/\/www.youtube.com\/investottawa"]}]}},"featured_image_src":null,"featured_image_src_square":null,"_links":{"self":[{"href":"https:\/\/www.investottawa.ca\/fr\/wp-json\/wp\/v2\/pages\/131347","targetHints":{"allow":["GET"]}}],"collection":[{"href":"https:\/\/www.investottawa.ca\/fr\/wp-json\/wp\/v2\/pages"}],"about":[{"href":"https:\/\/www.investottawa.ca\/fr\/wp-json\/wp\/v2\/types\/page"}],"author":[{"embeddable":true,"href":"https:\/\/www.investottawa.ca\/fr\/wp-json\/wp\/v2\/users\/31"}],"replies":[{"embeddable":true,"href":"https:\/\/www.investottawa.ca\/fr\/wp-json\/wp\/v2\/comments?post=131347"}],"version-history":[{"count":0,"href":"https:\/\/www.investottawa.ca\/fr\/wp-json\/wp\/v2\/pages\/131347\/revisions"}],"wp:attachment":[{"href":"https:\/\/www.investottawa.ca\/fr\/wp-json\/wp\/v2\/media?parent=131347"}],"curies":[{"name":"wp","href":"https:\/\/api.w.org\/{rel}","templated":true}]}}