{"id":131349,"date":"2021-04-29T16:31:14","date_gmt":"2021-04-29T20:31:14","guid":{"rendered":"https:\/\/www.investottawa.ca\/venture-path\/flex\/"},"modified":"2025-05-05T13:56:35","modified_gmt":"2025-05-05T17:56:35","slug":"flex","status":"publish","type":"page","link":"https:\/\/www.investottawa.ca\/fr\/venture-path\/flex\/","title":{"rendered":"IO Flex Program [FR]"},"content":{"rendered":"","protected":false},"excerpt":{"rendered":"","protected":false},"author":44,"featured_media":0,"parent":131344,"menu_order":10,"comment_status":"closed","ping_status":"closed","template":"","meta":{"_acf_changed":false,"footnotes":""},"class_list":["post-131349","page","type-page","status-publish","hentry"],"acf":[],"yoast_head":"<!-- This site is optimized with the Yoast SEO plugin v27.5 - https:\/\/yoast.com\/product\/yoast-seo-wordpress\/ -->\n<title>Programme IO Flex | Parcours entrepreneurial | Invest Ottawa<\/title>\n<meta name=\"description\" content=\"Nous avons cr\u00e9\u00e9 IO Flex pour offrir aux fondateurs et aux dirigeants d&#039;entreprise l&#039;acc\u00e8s \u00e0 des conseillers en d\u00e9marrage, des avantages pour les startups permettant de r\u00e9aliser des \u00e9conomies, et un r\u00e9seau de pairs partageant les m\u00eames id\u00e9es.\" \/>\n<meta name=\"robots\" content=\"index, follow, max-snippet:-1, max-image-preview:large, max-video-preview:-1\" \/>\n<link rel=\"canonical\" href=\"https:\/\/www.investottawa.ca\/fr\/venture-path\/flex\/\" \/>\n<meta property=\"og:locale\" content=\"fr_FR\" \/>\n<meta property=\"og:type\" content=\"article\" \/>\n<meta property=\"og:title\" content=\"Programme IO Flex | Parcours entrepreneurial | Invest Ottawa\" \/>\n<meta property=\"og:description\" content=\"We created IO Flex to give founders and business leaders access to Early-Stage Advisors, cost-saving start-upperks, and a network of like-minded peers.\" \/>\n<meta property=\"og:url\" content=\"https:\/\/www.investottawa.ca\/fr\/venture-path\/flex\/\" \/>\n<meta property=\"og:site_name\" content=\"Investir Ottawa\" \/>\n<meta property=\"article:publisher\" content=\"https:\/\/www.facebook.com\/InvestOttawa\" \/>\n<meta property=\"article:modified_time\" content=\"2025-05-05T17:56:35+00:00\" \/>\n<meta property=\"og:image\" content=\"https:\/\/www.investottawa.ca\/wp-content\/uploads\/2021\/05\/MicrosoftTeams-image-45-1024x576.png\" \/>\n\t<meta property=\"og:image:width\" content=\"1024\" \/>\n\t<meta property=\"og:image:height\" content=\"576\" \/>\n\t<meta property=\"og:image:type\" content=\"image\/png\" \/>\n<meta name=\"twitter:card\" content=\"summary_large_image\" \/>\n<meta name=\"twitter:image\" content=\"https:\/\/www.investottawa.ca\/wp-content\/uploads\/2021\/05\/MicrosoftTeams-image-45.png\" \/>\n<meta name=\"twitter:site\" content=\"@invest_ottawa\" \/>\n<script type=\"application\/ld+json\" class=\"yoast-schema-graph\">{\"@context\":\"https:\\\/\\\/schema.org\",\"@graph\":[{\"@type\":\"WebPage\",\"@id\":\"https:\\\/\\\/www.investottawa.ca\\\/fr\\\/venture-path\\\/flex\\\/\",\"url\":\"https:\\\/\\\/www.investottawa.ca\\\/fr\\\/venture-path\\\/flex\\\/\",\"name\":\"Programme IO Flex | Parcours entrepreneurial | Invest Ottawa\",\"isPartOf\":{\"@id\":\"https:\\\/\\\/www.investottawa.ca\\\/#website\"},\"datePublished\":\"2021-04-29T20:31:14+00:00\",\"dateModified\":\"2025-05-05T17:56:35+00:00\",\"description\":\"Nous avons cr\u00e9\u00e9 IO Flex pour offrir aux fondateurs et aux dirigeants d'entreprise l'acc\u00e8s \u00e0 des conseillers en d\u00e9marrage, des avantages pour les startups permettant de r\u00e9aliser des \u00e9conomies, et un r\u00e9seau de pairs partageant les m\u00eames id\u00e9es.\",\"breadcrumb\":{\"@id\":\"https:\\\/\\\/www.investottawa.ca\\\/fr\\\/venture-path\\\/flex\\\/#breadcrumb\"},\"inLanguage\":\"fr-FR\",\"potentialAction\":[{\"@type\":\"ReadAction\",\"target\":[\"https:\\\/\\\/www.investottawa.ca\\\/fr\\\/venture-path\\\/flex\\\/\"]}]},{\"@type\":\"BreadcrumbList\",\"@id\":\"https:\\\/\\\/www.investottawa.ca\\\/fr\\\/venture-path\\\/flex\\\/#breadcrumb\",\"itemListElement\":[{\"@type\":\"ListItem\",\"position\":1,\"name\":\"Home\",\"item\":\"https:\\\/\\\/www.investottawa.ca\\\/fr\\\/\"},{\"@type\":\"ListItem\",\"position\":2,\"name\":\"Venture Path [FR]\",\"item\":\"https:\\\/\\\/www.investottawa.ca\\\/fr\\\/venture-path\\\/\"},{\"@type\":\"ListItem\",\"position\":3,\"name\":\"IO Flex Program [FR]\"}]},{\"@type\":\"WebSite\",\"@id\":\"https:\\\/\\\/www.investottawa.ca\\\/#website\",\"url\":\"https:\\\/\\\/www.investottawa.ca\\\/\",\"name\":\"Investir Ottawa\",\"description\":\"\",\"publisher\":{\"@id\":\"https:\\\/\\\/www.investottawa.ca\\\/#organization\"},\"potentialAction\":[{\"@type\":\"SearchAction\",\"target\":{\"@type\":\"EntryPoint\",\"urlTemplate\":\"https:\\\/\\\/www.investottawa.ca\\\/?s={search_term_string}\"},\"query-input\":{\"@type\":\"PropertyValueSpecification\",\"valueRequired\":true,\"valueName\":\"search_term_string\"}}],\"inLanguage\":\"fr-FR\"},{\"@type\":\"Organization\",\"@id\":\"https:\\\/\\\/www.investottawa.ca\\\/#organization\",\"name\":\"Invest Ottawa\",\"url\":\"https:\\\/\\\/www.investottawa.ca\\\/\",\"logo\":{\"@type\":\"ImageObject\",\"inLanguage\":\"fr-FR\",\"@id\":\"https:\\\/\\\/www.investottawa.ca\\\/#\\\/schema\\\/logo\\\/image\\\/\",\"url\":\"https:\\\/\\\/www.investottawa.ca\\\/wp-content\\\/uploads\\\/2019\\\/06\\\/Logo_InvestOttawa.png\",\"contentUrl\":\"https:\\\/\\\/www.investottawa.ca\\\/wp-content\\\/uploads\\\/2019\\\/06\\\/Logo_InvestOttawa.png\",\"width\":400,\"height\":172,\"caption\":\"Invest Ottawa\"},\"image\":{\"@id\":\"https:\\\/\\\/www.investottawa.ca\\\/#\\\/schema\\\/logo\\\/image\\\/\"},\"sameAs\":[\"https:\\\/\\\/www.facebook.com\\\/InvestOttawa\",\"https:\\\/\\\/x.com\\\/invest_ottawa\",\"http:\\\/\\\/instagram.com\\\/investottawa\",\"http:\\\/\\\/www.linkedin.com\\\/company\\\/invest-ottawa\",\"http:\\\/\\\/pinterest.com\\\/investottawa\",\"http:\\\/\\\/www.youtube.com\\\/investottawa\"]}]}<\/script>\n<!-- \/ Yoast SEO plugin. -->","yoast_head_json":{"title":"Programme IO Flex | Parcours entrepreneurial | Invest Ottawa","description":"Nous avons cr\u00e9\u00e9 IO Flex pour offrir aux fondateurs et aux dirigeants d'entreprise l'acc\u00e8s \u00e0 des conseillers en d\u00e9marrage, des avantages pour les startups permettant de r\u00e9aliser des \u00e9conomies, et un r\u00e9seau de pairs partageant les m\u00eames id\u00e9es.","robots":{"index":"index","follow":"follow","max-snippet":"max-snippet:-1","max-image-preview":"max-image-preview:large","max-video-preview":"max-video-preview:-1"},"canonical":"https:\/\/www.investottawa.ca\/fr\/venture-path\/flex\/","og_locale":"fr_FR","og_type":"article","og_title":"Programme IO Flex | Parcours entrepreneurial | Invest Ottawa","og_description":"We created IO Flex to give founders and business leaders access to Early-Stage Advisors, cost-saving start-upperks, and a network of like-minded peers.","og_url":"https:\/\/www.investottawa.ca\/fr\/venture-path\/flex\/","og_site_name":"Investir Ottawa","article_publisher":"https:\/\/www.facebook.com\/InvestOttawa","article_modified_time":"2025-05-05T17:56:35+00:00","og_image":[{"width":1024,"height":576,"url":"https:\/\/www.investottawa.ca\/wp-content\/uploads\/2021\/05\/MicrosoftTeams-image-45-1024x576.png","type":"image\/png"}],"twitter_card":"summary_large_image","twitter_image":"https:\/\/www.investottawa.ca\/wp-content\/uploads\/2021\/05\/MicrosoftTeams-image-45.png","twitter_site":"@invest_ottawa","schema":{"@context":"https:\/\/schema.org","@graph":[{"@type":"WebPage","@id":"https:\/\/www.investottawa.ca\/fr\/venture-path\/flex\/","url":"https:\/\/www.investottawa.ca\/fr\/venture-path\/flex\/","name":"Programme IO Flex | Parcours entrepreneurial | Invest Ottawa","isPartOf":{"@id":"https:\/\/www.investottawa.ca\/#website"},"datePublished":"2021-04-29T20:31:14+00:00","dateModified":"2025-05-05T17:56:35+00:00","description":"Nous avons cr\u00e9\u00e9 IO Flex pour offrir aux fondateurs et aux dirigeants d'entreprise l'acc\u00e8s \u00e0 des conseillers en d\u00e9marrage, des avantages pour les startups permettant de r\u00e9aliser des \u00e9conomies, et un r\u00e9seau de pairs partageant les m\u00eames id\u00e9es.","breadcrumb":{"@id":"https:\/\/www.investottawa.ca\/fr\/venture-path\/flex\/#breadcrumb"},"inLanguage":"fr-FR","potentialAction":[{"@type":"ReadAction","target":["https:\/\/www.investottawa.ca\/fr\/venture-path\/flex\/"]}]},{"@type":"BreadcrumbList","@id":"https:\/\/www.investottawa.ca\/fr\/venture-path\/flex\/#breadcrumb","itemListElement":[{"@type":"ListItem","position":1,"name":"Home","item":"https:\/\/www.investottawa.ca\/fr\/"},{"@type":"ListItem","position":2,"name":"Venture Path [FR]","item":"https:\/\/www.investottawa.ca\/fr\/venture-path\/"},{"@type":"ListItem","position":3,"name":"IO Flex Program [FR]"}]},{"@type":"WebSite","@id":"https:\/\/www.investottawa.ca\/#website","url":"https:\/\/www.investottawa.ca\/","name":"Investir Ottawa","description":"","publisher":{"@id":"https:\/\/www.investottawa.ca\/#organization"},"potentialAction":[{"@type":"SearchAction","target":{"@type":"EntryPoint","urlTemplate":"https:\/\/www.investottawa.ca\/?s={search_term_string}"},"query-input":{"@type":"PropertyValueSpecification","valueRequired":true,"valueName":"search_term_string"}}],"inLanguage":"fr-FR"},{"@type":"Organization","@id":"https:\/\/www.investottawa.ca\/#organization","name":"Invest Ottawa","url":"https:\/\/www.investottawa.ca\/","logo":{"@type":"ImageObject","inLanguage":"fr-FR","@id":"https:\/\/www.investottawa.ca\/#\/schema\/logo\/image\/","url":"https:\/\/www.investottawa.ca\/wp-content\/uploads\/2019\/06\/Logo_InvestOttawa.png","contentUrl":"https:\/\/www.investottawa.ca\/wp-content\/uploads\/2019\/06\/Logo_InvestOttawa.png","width":400,"height":172,"caption":"Invest Ottawa"},"image":{"@id":"https:\/\/www.investottawa.ca\/#\/schema\/logo\/image\/"},"sameAs":["https:\/\/www.facebook.com\/InvestOttawa","https:\/\/x.com\/invest_ottawa","http:\/\/instagram.com\/investottawa","http:\/\/www.linkedin.com\/company\/invest-ottawa","http:\/\/pinterest.com\/investottawa","http:\/\/www.youtube.com\/investottawa"]}]}},"featured_image_src":null,"featured_image_src_square":null,"_links":{"self":[{"href":"https:\/\/www.investottawa.ca\/fr\/wp-json\/wp\/v2\/pages\/131349","targetHints":{"allow":["GET"]}}],"collection":[{"href":"https:\/\/www.investottawa.ca\/fr\/wp-json\/wp\/v2\/pages"}],"about":[{"href":"https:\/\/www.investottawa.ca\/fr\/wp-json\/wp\/v2\/types\/page"}],"author":[{"embeddable":true,"href":"https:\/\/www.investottawa.ca\/fr\/wp-json\/wp\/v2\/users\/44"}],"replies":[{"embeddable":true,"href":"https:\/\/www.investottawa.ca\/fr\/wp-json\/wp\/v2\/comments?post=131349"}],"version-history":[{"count":0,"href":"https:\/\/www.investottawa.ca\/fr\/wp-json\/wp\/v2\/pages\/131349\/revisions"}],"up":[{"embeddable":true,"href":"https:\/\/www.investottawa.ca\/fr\/wp-json\/wp\/v2\/pages\/131344"}],"wp:attachment":[{"href":"https:\/\/www.investottawa.ca\/fr\/wp-json\/wp\/v2\/media?parent=131349"}],"curies":[{"name":"wp","href":"https:\/\/api.w.org\/{rel}","templated":true}]}}