{"id":131367,"date":"2022-05-18T14:57:53","date_gmt":"2022-05-18T18:57:53","guid":{"rendered":"https:\/\/www.investottawa.ca\/venture-path\/market-insights\/"},"modified":"2025-05-05T14:35:08","modified_gmt":"2025-05-05T18:35:08","slug":"market-insights","status":"publish","type":"page","link":"https:\/\/www.investottawa.ca\/fr\/venture-path\/market-insights\/","title":{"rendered":"Market Insights"},"content":{"rendered":"<p><strong>Advisor, Organic Growth Marketing<\/strong><\/p>\n","protected":false},"excerpt":{"rendered":"<p>Advisor, Organic Growth Marketing<\/p>\n","protected":false},"author":39,"featured_media":0,"parent":131344,"menu_order":0,"comment_status":"closed","ping_status":"closed","template":"","meta":{"_acf_changed":false,"footnotes":""},"class_list":["post-131367","page","type-page","status-publish","hentry"],"acf":[],"yoast_head":"<!-- This site is optimized with the Yoast SEO plugin v27.4 - https:\/\/yoast.com\/product\/yoast-seo-wordpress\/ -->\n<title>Perspectives de march\u00e9 | Parcours entrepreneurial | Invest Ottawa<\/title>\n<meta name=\"description\" content=\"Des recherches et analyses de march\u00e9 personnalis\u00e9es \u00e0 port\u00e9e de main. Notre \u00e9quipe des perspectives de march\u00e9 est l\u00e0 pour vous aider \u00e0 faire pencher la balance en votre faveur.\" \/>\n<meta name=\"robots\" content=\"index, follow, max-snippet:-1, max-image-preview:large, max-video-preview:-1\" \/>\n<link rel=\"canonical\" href=\"https:\/\/www.investottawa.ca\/fr\/venture-path\/market-insights\/\" \/>\n<meta property=\"og:locale\" content=\"fr_FR\" \/>\n<meta property=\"og:type\" content=\"article\" \/>\n<meta property=\"og:title\" content=\"Perspectives de march\u00e9 | Parcours entrepreneurial | Invest Ottawa\" \/>\n<meta property=\"og:description\" content=\"Des recherches et analyses de march\u00e9 personnalis\u00e9es \u00e0 port\u00e9e de main. Notre \u00e9quipe des perspectives de march\u00e9 est l\u00e0 pour vous aider \u00e0 faire pencher la balance en votre faveur.\" \/>\n<meta property=\"og:url\" content=\"https:\/\/www.investottawa.ca\/fr\/venture-path\/market-insights\/\" \/>\n<meta property=\"og:site_name\" content=\"Investir Ottawa\" \/>\n<meta property=\"article:publisher\" content=\"https:\/\/www.facebook.com\/InvestOttawa\" \/>\n<meta property=\"article:modified_time\" content=\"2025-05-05T18:35:08+00:00\" \/>\n<meta property=\"og:image\" content=\"https:\/\/www.investottawa.ca\/wp-content\/uploads\/2017\/02\/Invest-Ottawa-Social.jpg\" \/>\n\t<meta property=\"og:image:width\" content=\"1200\" \/>\n\t<meta property=\"og:image:height\" content=\"630\" \/>\n\t<meta property=\"og:image:type\" content=\"image\/jpeg\" \/>\n<meta name=\"twitter:card\" content=\"summary_large_image\" \/>\n<meta name=\"twitter:site\" content=\"@invest_ottawa\" \/>\n<meta name=\"twitter:label1\" content=\"Dur\u00e9e de lecture estim\u00e9e\" \/>\n\t<meta name=\"twitter:data1\" content=\"1 minute\" \/>\n<script type=\"application\/ld+json\" class=\"yoast-schema-graph\">{\"@context\":\"https:\\\/\\\/schema.org\",\"@graph\":[{\"@type\":\"WebPage\",\"@id\":\"https:\\\/\\\/www.investottawa.ca\\\/fr\\\/venture-path\\\/market-insights\\\/\",\"url\":\"https:\\\/\\\/www.investottawa.ca\\\/fr\\\/venture-path\\\/market-insights\\\/\",\"name\":\"Perspectives de march\u00e9 | Parcours entrepreneurial | Invest Ottawa\",\"isPartOf\":{\"@id\":\"https:\\\/\\\/www.investottawa.ca\\\/#website\"},\"datePublished\":\"2022-05-18T18:57:53+00:00\",\"dateModified\":\"2025-05-05T18:35:08+00:00\",\"description\":\"Des recherches et analyses de march\u00e9 personnalis\u00e9es \u00e0 port\u00e9e de main. Notre \u00e9quipe des perspectives de march\u00e9 est l\u00e0 pour vous aider \u00e0 faire pencher la balance en votre faveur.\",\"breadcrumb\":{\"@id\":\"https:\\\/\\\/www.investottawa.ca\\\/fr\\\/venture-path\\\/market-insights\\\/#breadcrumb\"},\"inLanguage\":\"fr-FR\",\"potentialAction\":[{\"@type\":\"ReadAction\",\"target\":[\"https:\\\/\\\/www.investottawa.ca\\\/fr\\\/venture-path\\\/market-insights\\\/\"]}]},{\"@type\":\"BreadcrumbList\",\"@id\":\"https:\\\/\\\/www.investottawa.ca\\\/fr\\\/venture-path\\\/market-insights\\\/#breadcrumb\",\"itemListElement\":[{\"@type\":\"ListItem\",\"position\":1,\"name\":\"Home\",\"item\":\"https:\\\/\\\/www.investottawa.ca\\\/fr\\\/\"},{\"@type\":\"ListItem\",\"position\":2,\"name\":\"Venture Path [FR]\",\"item\":\"https:\\\/\\\/www.investottawa.ca\\\/fr\\\/venture-path\\\/\"},{\"@type\":\"ListItem\",\"position\":3,\"name\":\"Market Insights\"}]},{\"@type\":\"WebSite\",\"@id\":\"https:\\\/\\\/www.investottawa.ca\\\/#website\",\"url\":\"https:\\\/\\\/www.investottawa.ca\\\/\",\"name\":\"Investir Ottawa\",\"description\":\"\",\"publisher\":{\"@id\":\"https:\\\/\\\/www.investottawa.ca\\\/#organization\"},\"potentialAction\":[{\"@type\":\"SearchAction\",\"target\":{\"@type\":\"EntryPoint\",\"urlTemplate\":\"https:\\\/\\\/www.investottawa.ca\\\/?s={search_term_string}\"},\"query-input\":{\"@type\":\"PropertyValueSpecification\",\"valueRequired\":true,\"valueName\":\"search_term_string\"}}],\"inLanguage\":\"fr-FR\"},{\"@type\":\"Organization\",\"@id\":\"https:\\\/\\\/www.investottawa.ca\\\/#organization\",\"name\":\"Invest Ottawa\",\"url\":\"https:\\\/\\\/www.investottawa.ca\\\/\",\"logo\":{\"@type\":\"ImageObject\",\"inLanguage\":\"fr-FR\",\"@id\":\"https:\\\/\\\/www.investottawa.ca\\\/#\\\/schema\\\/logo\\\/image\\\/\",\"url\":\"https:\\\/\\\/www.investottawa.ca\\\/wp-content\\\/uploads\\\/2019\\\/06\\\/Logo_InvestOttawa.png\",\"contentUrl\":\"https:\\\/\\\/www.investottawa.ca\\\/wp-content\\\/uploads\\\/2019\\\/06\\\/Logo_InvestOttawa.png\",\"width\":400,\"height\":172,\"caption\":\"Invest Ottawa\"},\"image\":{\"@id\":\"https:\\\/\\\/www.investottawa.ca\\\/#\\\/schema\\\/logo\\\/image\\\/\"},\"sameAs\":[\"https:\\\/\\\/www.facebook.com\\\/InvestOttawa\",\"https:\\\/\\\/x.com\\\/invest_ottawa\",\"http:\\\/\\\/instagram.com\\\/investottawa\",\"http:\\\/\\\/www.linkedin.com\\\/company\\\/invest-ottawa\",\"http:\\\/\\\/pinterest.com\\\/investottawa\",\"http:\\\/\\\/www.youtube.com\\\/investottawa\"]}]}<\/script>\n<!-- \/ Yoast SEO plugin. -->","yoast_head_json":{"title":"Perspectives de march\u00e9 | Parcours entrepreneurial | Invest Ottawa","description":"Des recherches et analyses de march\u00e9 personnalis\u00e9es \u00e0 port\u00e9e de main. Notre \u00e9quipe des perspectives de march\u00e9 est l\u00e0 pour vous aider \u00e0 faire pencher la balance en votre faveur.","robots":{"index":"index","follow":"follow","max-snippet":"max-snippet:-1","max-image-preview":"max-image-preview:large","max-video-preview":"max-video-preview:-1"},"canonical":"https:\/\/www.investottawa.ca\/fr\/venture-path\/market-insights\/","og_locale":"fr_FR","og_type":"article","og_title":"Perspectives de march\u00e9 | Parcours entrepreneurial | Invest Ottawa","og_description":"Des recherches et analyses de march\u00e9 personnalis\u00e9es \u00e0 port\u00e9e de main. Notre \u00e9quipe des perspectives de march\u00e9 est l\u00e0 pour vous aider \u00e0 faire pencher la balance en votre faveur.","og_url":"https:\/\/www.investottawa.ca\/fr\/venture-path\/market-insights\/","og_site_name":"Investir Ottawa","article_publisher":"https:\/\/www.facebook.com\/InvestOttawa","article_modified_time":"2025-05-05T18:35:08+00:00","og_image":[{"width":1200,"height":630,"url":"https:\/\/www.investottawa.ca\/wp-content\/uploads\/2017\/02\/Invest-Ottawa-Social.jpg","type":"image\/jpeg"}],"twitter_card":"summary_large_image","twitter_site":"@invest_ottawa","twitter_misc":{"Dur\u00e9e de lecture estim\u00e9e":"1 minute"},"schema":{"@context":"https:\/\/schema.org","@graph":[{"@type":"WebPage","@id":"https:\/\/www.investottawa.ca\/fr\/venture-path\/market-insights\/","url":"https:\/\/www.investottawa.ca\/fr\/venture-path\/market-insights\/","name":"Perspectives de march\u00e9 | Parcours entrepreneurial | Invest Ottawa","isPartOf":{"@id":"https:\/\/www.investottawa.ca\/#website"},"datePublished":"2022-05-18T18:57:53+00:00","dateModified":"2025-05-05T18:35:08+00:00","description":"Des recherches et analyses de march\u00e9 personnalis\u00e9es \u00e0 port\u00e9e de main. Notre \u00e9quipe des perspectives de march\u00e9 est l\u00e0 pour vous aider \u00e0 faire pencher la balance en votre faveur.","breadcrumb":{"@id":"https:\/\/www.investottawa.ca\/fr\/venture-path\/market-insights\/#breadcrumb"},"inLanguage":"fr-FR","potentialAction":[{"@type":"ReadAction","target":["https:\/\/www.investottawa.ca\/fr\/venture-path\/market-insights\/"]}]},{"@type":"BreadcrumbList","@id":"https:\/\/www.investottawa.ca\/fr\/venture-path\/market-insights\/#breadcrumb","itemListElement":[{"@type":"ListItem","position":1,"name":"Home","item":"https:\/\/www.investottawa.ca\/fr\/"},{"@type":"ListItem","position":2,"name":"Venture Path [FR]","item":"https:\/\/www.investottawa.ca\/fr\/venture-path\/"},{"@type":"ListItem","position":3,"name":"Market Insights"}]},{"@type":"WebSite","@id":"https:\/\/www.investottawa.ca\/#website","url":"https:\/\/www.investottawa.ca\/","name":"Investir Ottawa","description":"","publisher":{"@id":"https:\/\/www.investottawa.ca\/#organization"},"potentialAction":[{"@type":"SearchAction","target":{"@type":"EntryPoint","urlTemplate":"https:\/\/www.investottawa.ca\/?s={search_term_string}"},"query-input":{"@type":"PropertyValueSpecification","valueRequired":true,"valueName":"search_term_string"}}],"inLanguage":"fr-FR"},{"@type":"Organization","@id":"https:\/\/www.investottawa.ca\/#organization","name":"Invest Ottawa","url":"https:\/\/www.investottawa.ca\/","logo":{"@type":"ImageObject","inLanguage":"fr-FR","@id":"https:\/\/www.investottawa.ca\/#\/schema\/logo\/image\/","url":"https:\/\/www.investottawa.ca\/wp-content\/uploads\/2019\/06\/Logo_InvestOttawa.png","contentUrl":"https:\/\/www.investottawa.ca\/wp-content\/uploads\/2019\/06\/Logo_InvestOttawa.png","width":400,"height":172,"caption":"Invest Ottawa"},"image":{"@id":"https:\/\/www.investottawa.ca\/#\/schema\/logo\/image\/"},"sameAs":["https:\/\/www.facebook.com\/InvestOttawa","https:\/\/x.com\/invest_ottawa","http:\/\/instagram.com\/investottawa","http:\/\/www.linkedin.com\/company\/invest-ottawa","http:\/\/pinterest.com\/investottawa","http:\/\/www.youtube.com\/investottawa"]}]}},"featured_image_src":null,"featured_image_src_square":null,"_links":{"self":[{"href":"https:\/\/www.investottawa.ca\/fr\/wp-json\/wp\/v2\/pages\/131367","targetHints":{"allow":["GET"]}}],"collection":[{"href":"https:\/\/www.investottawa.ca\/fr\/wp-json\/wp\/v2\/pages"}],"about":[{"href":"https:\/\/www.investottawa.ca\/fr\/wp-json\/wp\/v2\/types\/page"}],"author":[{"embeddable":true,"href":"https:\/\/www.investottawa.ca\/fr\/wp-json\/wp\/v2\/users\/39"}],"replies":[{"embeddable":true,"href":"https:\/\/www.investottawa.ca\/fr\/wp-json\/wp\/v2\/comments?post=131367"}],"version-history":[{"count":0,"href":"https:\/\/www.investottawa.ca\/fr\/wp-json\/wp\/v2\/pages\/131367\/revisions"}],"up":[{"embeddable":true,"href":"https:\/\/www.investottawa.ca\/fr\/wp-json\/wp\/v2\/pages\/131344"}],"wp:attachment":[{"href":"https:\/\/www.investottawa.ca\/fr\/wp-json\/wp\/v2\/media?parent=131367"}],"curies":[{"name":"wp","href":"https:\/\/api.w.org\/{rel}","templated":true}]}}