{"id":98810,"date":"2020-10-02T15:52:03","date_gmt":"2020-10-02T19:52:03","guid":{"rendered":"https:\/\/investottawa.wpengine.com\/travailler-a-ottawa\/jobs-embedded-software-engineer\/"},"modified":"2021-04-15T11:07:29","modified_gmt":"2021-04-15T15:07:29","slug":"ingenieur-de-logiciels-enfouis-fr","status":"publish","type":"page","link":"https:\/\/www.investottawa.ca\/fr\/travailler-a-ottawa\/ingenieur-de-logiciels-enfouis-fr\/","title":{"rendered":"WiO Ing\u00e9nieur de logiciels enfouis"},"content":{"rendered":"","protected":false},"excerpt":{"rendered":"","protected":false},"author":44,"featured_media":0,"parent":98728,"menu_order":17,"comment_status":"closed","ping_status":"closed","template":"","meta":{"_acf_changed":false,"footnotes":""},"class_list":["post-98810","page","type-page","status-publish","hentry"],"acf":[],"yoast_head":"<!-- This site is optimized with the Yoast SEO plugin v27.2 - https:\/\/yoast.com\/product\/yoast-seo-wordpress\/ -->\n<title>Emploi | Travailler \u00e0 Ottawa | Investir Ottawa<\/title>\n<meta name=\"description\" content=\"Ottawa offre aussi certains des meilleurs emplois en technologies.Vous pourriez bien y faire la carri\u00e8re de votre vie. Nous mettons les talents en contact avec des entreprises technologiques d\u2019Ottawa \u00e0 croissance rapide. Profitez de notre r\u00e9seau pour b\u00e2tir votre carri\u00e8re.\" \/>\n<meta name=\"robots\" content=\"noindex, follow\" \/>\n<meta property=\"og:locale\" content=\"fr_FR\" \/>\n<meta property=\"og:type\" content=\"article\" \/>\n<meta property=\"og:title\" content=\"Emploi | Travailler \u00e0 Ottawa | Investir Ottawa\" \/>\n<meta property=\"og:description\" content=\"An amazing career in tech and an even better life.\" \/>\n<meta property=\"og:url\" content=\"https:\/\/www.investottawa.ca\/fr\/travailler-a-ottawa\/ingenieur-de-logiciels-enfouis-fr\/\" \/>\n<meta property=\"og:site_name\" content=\"Investir Ottawa\" \/>\n<meta property=\"article:publisher\" content=\"https:\/\/www.facebook.com\/InvestOttawa\" \/>\n<meta property=\"article:modified_time\" content=\"2021-04-15T15:07:29+00:00\" \/>\n<meta property=\"og:image\" content=\"https:\/\/www.investottawa.ca\/wp-content\/uploads\/2017\/02\/Invest-Ottawa-Social.jpg\" \/>\n\t<meta property=\"og:image:width\" content=\"1200\" \/>\n\t<meta property=\"og:image:height\" content=\"630\" \/>\n\t<meta property=\"og:image:type\" content=\"image\/jpeg\" \/>\n<meta name=\"twitter:card\" content=\"summary_large_image\" \/>\n<meta name=\"twitter:site\" content=\"@invest_ottawa\" \/>\n<script type=\"application\/ld+json\" class=\"yoast-schema-graph\">{\"@context\":\"https:\/\/schema.org\",\"@graph\":[{\"@type\":\"WebPage\",\"@id\":\"https:\/\/www.investottawa.ca\/fr\/travailler-a-ottawa\/ingenieur-de-logiciels-enfouis-fr\/\",\"url\":\"https:\/\/www.investottawa.ca\/fr\/travailler-a-ottawa\/ingenieur-de-logiciels-enfouis-fr\/\",\"name\":\"Emploi | Travailler \u00e0 Ottawa | Investir Ottawa\",\"isPartOf\":{\"@id\":\"https:\/\/www.investottawa.ca\/#website\"},\"datePublished\":\"2020-10-02T19:52:03+00:00\",\"dateModified\":\"2021-04-15T15:07:29+00:00\",\"description\":\"Ottawa offre aussi certains des meilleurs emplois en technologies.Vous pourriez bien y faire la carri\u00e8re de votre vie. Nous mettons les talents en contact avec des entreprises technologiques d\u2019Ottawa \u00e0 croissance rapide. Profitez de notre r\u00e9seau pour b\u00e2tir votre carri\u00e8re.\",\"breadcrumb\":{\"@id\":\"https:\/\/www.investottawa.ca\/fr\/travailler-a-ottawa\/ingenieur-de-logiciels-enfouis-fr\/#breadcrumb\"},\"inLanguage\":\"fr-FR\",\"potentialAction\":[{\"@type\":\"ReadAction\",\"target\":[\"https:\/\/www.investottawa.ca\/fr\/travailler-a-ottawa\/ingenieur-de-logiciels-enfouis-fr\/\"]}]},{\"@type\":\"BreadcrumbList\",\"@id\":\"https:\/\/www.investottawa.ca\/fr\/travailler-a-ottawa\/ingenieur-de-logiciels-enfouis-fr\/#breadcrumb\",\"itemListElement\":[{\"@type\":\"ListItem\",\"position\":1,\"name\":\"Home\",\"item\":\"https:\/\/www.investottawa.ca\/fr\/\"},{\"@type\":\"ListItem\",\"position\":2,\"name\":\"Travailler \u00e0 Ottawa\",\"item\":\"https:\/\/www.investottawa.ca\/fr\/travailler-a-ottawa\/\"},{\"@type\":\"ListItem\",\"position\":3,\"name\":\"WiO Ing\u00e9nieur de logiciels enfouis\"}]},{\"@type\":\"WebSite\",\"@id\":\"https:\/\/www.investottawa.ca\/#website\",\"url\":\"https:\/\/www.investottawa.ca\/\",\"name\":\"Investir Ottawa\",\"description\":\"\",\"publisher\":{\"@id\":\"https:\/\/www.investottawa.ca\/#organization\"},\"potentialAction\":[{\"@type\":\"SearchAction\",\"target\":{\"@type\":\"EntryPoint\",\"urlTemplate\":\"https:\/\/www.investottawa.ca\/?s={search_term_string}\"},\"query-input\":{\"@type\":\"PropertyValueSpecification\",\"valueRequired\":true,\"valueName\":\"search_term_string\"}}],\"inLanguage\":\"fr-FR\"},{\"@type\":\"Organization\",\"@id\":\"https:\/\/www.investottawa.ca\/#organization\",\"name\":\"Invest Ottawa\",\"url\":\"https:\/\/www.investottawa.ca\/\",\"logo\":{\"@type\":\"ImageObject\",\"inLanguage\":\"fr-FR\",\"@id\":\"https:\/\/www.investottawa.ca\/#\/schema\/logo\/image\/\",\"url\":\"https:\/\/www.investottawa.ca\/wp-content\/uploads\/2019\/06\/Logo_InvestOttawa.png\",\"contentUrl\":\"https:\/\/www.investottawa.ca\/wp-content\/uploads\/2019\/06\/Logo_InvestOttawa.png\",\"width\":400,\"height\":172,\"caption\":\"Invest Ottawa\"},\"image\":{\"@id\":\"https:\/\/www.investottawa.ca\/#\/schema\/logo\/image\/\"},\"sameAs\":[\"https:\/\/www.facebook.com\/InvestOttawa\",\"https:\/\/x.com\/invest_ottawa\",\"http:\/\/instagram.com\/investottawa\",\"http:\/\/www.linkedin.com\/company\/invest-ottawa\",\"http:\/\/pinterest.com\/investottawa\",\"http:\/\/www.youtube.com\/investottawa\"]}]}<\/script>\n<!-- \/ Yoast SEO plugin. -->","yoast_head_json":{"title":"Emploi | Travailler \u00e0 Ottawa | Investir Ottawa","description":"Ottawa offre aussi certains des meilleurs emplois en technologies.Vous pourriez bien y faire la carri\u00e8re de votre vie. Nous mettons les talents en contact avec des entreprises technologiques d\u2019Ottawa \u00e0 croissance rapide. Profitez de notre r\u00e9seau pour b\u00e2tir votre carri\u00e8re.","robots":{"index":"noindex","follow":"follow"},"og_locale":"fr_FR","og_type":"article","og_title":"Emploi | Travailler \u00e0 Ottawa | Investir Ottawa","og_description":"An amazing career in tech and an even better life.","og_url":"https:\/\/www.investottawa.ca\/fr\/travailler-a-ottawa\/ingenieur-de-logiciels-enfouis-fr\/","og_site_name":"Investir Ottawa","article_publisher":"https:\/\/www.facebook.com\/InvestOttawa","article_modified_time":"2021-04-15T15:07:29+00:00","og_image":[{"width":1200,"height":630,"url":"https:\/\/www.investottawa.ca\/wp-content\/uploads\/2017\/02\/Invest-Ottawa-Social.jpg","type":"image\/jpeg"}],"twitter_card":"summary_large_image","twitter_site":"@invest_ottawa","schema":{"@context":"https:\/\/schema.org","@graph":[{"@type":"WebPage","@id":"https:\/\/www.investottawa.ca\/fr\/travailler-a-ottawa\/ingenieur-de-logiciels-enfouis-fr\/","url":"https:\/\/www.investottawa.ca\/fr\/travailler-a-ottawa\/ingenieur-de-logiciels-enfouis-fr\/","name":"Emploi | Travailler \u00e0 Ottawa | Investir Ottawa","isPartOf":{"@id":"https:\/\/www.investottawa.ca\/#website"},"datePublished":"2020-10-02T19:52:03+00:00","dateModified":"2021-04-15T15:07:29+00:00","description":"Ottawa offre aussi certains des meilleurs emplois en technologies.Vous pourriez bien y faire la carri\u00e8re de votre vie. Nous mettons les talents en contact avec des entreprises technologiques d\u2019Ottawa \u00e0 croissance rapide. Profitez de notre r\u00e9seau pour b\u00e2tir votre carri\u00e8re.","breadcrumb":{"@id":"https:\/\/www.investottawa.ca\/fr\/travailler-a-ottawa\/ingenieur-de-logiciels-enfouis-fr\/#breadcrumb"},"inLanguage":"fr-FR","potentialAction":[{"@type":"ReadAction","target":["https:\/\/www.investottawa.ca\/fr\/travailler-a-ottawa\/ingenieur-de-logiciels-enfouis-fr\/"]}]},{"@type":"BreadcrumbList","@id":"https:\/\/www.investottawa.ca\/fr\/travailler-a-ottawa\/ingenieur-de-logiciels-enfouis-fr\/#breadcrumb","itemListElement":[{"@type":"ListItem","position":1,"name":"Home","item":"https:\/\/www.investottawa.ca\/fr\/"},{"@type":"ListItem","position":2,"name":"Travailler \u00e0 Ottawa","item":"https:\/\/www.investottawa.ca\/fr\/travailler-a-ottawa\/"},{"@type":"ListItem","position":3,"name":"WiO Ing\u00e9nieur de logiciels enfouis"}]},{"@type":"WebSite","@id":"https:\/\/www.investottawa.ca\/#website","url":"https:\/\/www.investottawa.ca\/","name":"Investir Ottawa","description":"","publisher":{"@id":"https:\/\/www.investottawa.ca\/#organization"},"potentialAction":[{"@type":"SearchAction","target":{"@type":"EntryPoint","urlTemplate":"https:\/\/www.investottawa.ca\/?s={search_term_string}"},"query-input":{"@type":"PropertyValueSpecification","valueRequired":true,"valueName":"search_term_string"}}],"inLanguage":"fr-FR"},{"@type":"Organization","@id":"https:\/\/www.investottawa.ca\/#organization","name":"Invest Ottawa","url":"https:\/\/www.investottawa.ca\/","logo":{"@type":"ImageObject","inLanguage":"fr-FR","@id":"https:\/\/www.investottawa.ca\/#\/schema\/logo\/image\/","url":"https:\/\/www.investottawa.ca\/wp-content\/uploads\/2019\/06\/Logo_InvestOttawa.png","contentUrl":"https:\/\/www.investottawa.ca\/wp-content\/uploads\/2019\/06\/Logo_InvestOttawa.png","width":400,"height":172,"caption":"Invest Ottawa"},"image":{"@id":"https:\/\/www.investottawa.ca\/#\/schema\/logo\/image\/"},"sameAs":["https:\/\/www.facebook.com\/InvestOttawa","https:\/\/x.com\/invest_ottawa","http:\/\/instagram.com\/investottawa","http:\/\/www.linkedin.com\/company\/invest-ottawa","http:\/\/pinterest.com\/investottawa","http:\/\/www.youtube.com\/investottawa"]}]}},"featured_image_src":null,"featured_image_src_square":null,"_links":{"self":[{"href":"https:\/\/www.investottawa.ca\/fr\/wp-json\/wp\/v2\/pages\/98810","targetHints":{"allow":["GET"]}}],"collection":[{"href":"https:\/\/www.investottawa.ca\/fr\/wp-json\/wp\/v2\/pages"}],"about":[{"href":"https:\/\/www.investottawa.ca\/fr\/wp-json\/wp\/v2\/types\/page"}],"author":[{"embeddable":true,"href":"https:\/\/www.investottawa.ca\/fr\/wp-json\/wp\/v2\/users\/44"}],"replies":[{"embeddable":true,"href":"https:\/\/www.investottawa.ca\/fr\/wp-json\/wp\/v2\/comments?post=98810"}],"version-history":[{"count":0,"href":"https:\/\/www.investottawa.ca\/fr\/wp-json\/wp\/v2\/pages\/98810\/revisions"}],"up":[{"embeddable":true,"href":"https:\/\/www.investottawa.ca\/fr\/wp-json\/wp\/v2\/pages\/98728"}],"wp:attachment":[{"href":"https:\/\/www.investottawa.ca\/fr\/wp-json\/wp\/v2\/media?parent=98810"}],"curies":[{"name":"wp","href":"https:\/\/api.w.org\/{rel}","templated":true}]}}